{"id":72,"date":"2012-11-08T20:35:11","date_gmt":"2012-11-08T19:35:11","guid":{"rendered":"http:\/\/www.straight-disorder.net\/?page_id=72"},"modified":"2019-05-08T11:16:03","modified_gmt":"2019-05-08T10:16:03","slug":"contact-messages","status":"publish","type":"page","link":"http:\/\/www.straight-disorder.net\/?page_id=72","title":{"rendered":"\/\/ Contact +"},"content":{"rendered":"<p><img loading=\"lazy\" class=\"alignnone\" alt=\"\" src=\"http:\/\/straight-disorder.net\/container\/00-site\/SD-ImgBan_04c.png\" width=\"718\" height=\"78\" \/><\/p>\n<table border=\"\">\n<tbody>\n<tr>\n<td valign=\"top\" width=\"35%\"><img loading=\"lazy\" class=\"alignnone\" alt=\"\" src=\"http:\/\/straight-disorder.net\/container\/00-site\/genericlogo4mouts.png\" width=\"171\" height=\"83\" \/><br \/>\nVous avez des comp\u00e9tences dans un domaine li\u00e9 \u00e0 nos activit\u00e9s,<br \/>\nou en tant qu&rsquo;association\/collectif, organisateur, artiste, lieu de diffusion, collectivit\u00e9, un projet \u00e0 nous soumettre,<br \/>\nnous vous invitons \u00e0 nous faire part de votre requ\u00eate via le formulaire ci-contre.<\/td>\n<td><div role=\"form\" class=\"wpcf7\" id=\"wpcf7-f70-o1\" lang=\"en-US\" dir=\"ltr\">\n<div class=\"screen-reader-response\"><p role=\"status\" aria-live=\"polite\" aria-atomic=\"true\"><\/p> <ul><\/ul><\/div>\n<form action=\"\/index.php?rest_route=%2Fwp%2Fv2%2Fpages%2F72#wpcf7-f70-o1\" method=\"post\" class=\"wpcf7-form init\" enctype=\"multipart\/form-data\" novalidate=\"novalidate\" data-status=\"init\">\n<div style=\"display: none;\">\n<input type=\"hidden\" name=\"_wpcf7\" value=\"70\" \/>\n<input type=\"hidden\" name=\"_wpcf7_version\" value=\"5.3\" \/>\n<input type=\"hidden\" name=\"_wpcf7_locale\" value=\"en_US\" \/>\n<input type=\"hidden\" name=\"_wpcf7_unit_tag\" value=\"wpcf7-f70-o1\" \/>\n<input type=\"hidden\" name=\"_wpcf7_container_post\" value=\"0\" \/>\n<input type=\"hidden\" name=\"_wpcf7_posted_data_hash\" value=\"\" \/>\n<\/div>\n<p><label>Votre nom (obligatoire)<br \/>\n    <span class=\"wpcf7-form-control-wrap your-name\"><input type=\"text\" name=\"your-name\" value=\"\" size=\"40\" class=\"wpcf7-form-control wpcf7-text wpcf7-validates-as-required\" aria-required=\"true\" aria-invalid=\"false\" \/><\/span> <\/label><\/p>\n<p><label>Votre email (obligatoire)<br \/>\n    <span class=\"wpcf7-form-control-wrap your-email\"><input type=\"email\" name=\"your-email\" value=\"\" size=\"40\" class=\"wpcf7-form-control wpcf7-text wpcf7-email wpcf7-validates-as-required wpcf7-validates-as-email\" aria-required=\"true\" aria-invalid=\"false\" \/><\/span> <\/label><\/p>\n<p><label>Joindre un fichier<br \/>\n    <span class=\"wpcf7-form-control-wrap file-995\"><input type=\"file\" name=\"file-995\" size=\"40\" class=\"wpcf7-form-control wpcf7-file\" accept=\".jpg,.jpeg,.png,.gif,.pdf,.doc,.docx,.ppt,.pptx,.odt,.avi,.ogg,.m4a,.mov,.mp3,.mp4,.mpg,.wav,.wmv\" aria-invalid=\"false\" \/><\/span> <\/label><\/p>\n<p><label>Sujet<br \/>\n    <span class=\"wpcf7-form-control-wrap your-subject\"><input type=\"text\" name=\"your-subject\" value=\"\" size=\"40\" class=\"wpcf7-form-control wpcf7-text\" aria-invalid=\"false\" \/><\/span> <\/label><\/p>\n<p><label>Votre message (obligatoire)<br \/>\n    <span class=\"wpcf7-form-control-wrap your-message\"><textarea name=\"your-message\" cols=\"40\" rows=\"10\" class=\"wpcf7-form-control wpcf7-textarea\" aria-invalid=\"false\"><\/textarea><\/span> <\/label><\/p>\n<p><label>Recopier ceci <input type=\"hidden\" name=\"_wpcf7_captcha_challenge_captcha-972\" value=\"3151909661\" \/><img class=\"wpcf7-form-control wpcf7-captchac wpcf7-captcha-captcha-972\" width=\"72\" height=\"24\" alt=\"captcha\" src=\"http:\/\/www.straight-disorder.net\/wp-content\/uploads\/wpcf7_captcha\/3151909661.png\" \/> ici :<br \/>\n<span class=\"wpcf7-form-control-wrap captcha-972\"><input type=\"text\" name=\"captcha-972\" value=\"\" size=\"40\" class=\"wpcf7-form-control wpcf7-captchar\" autocomplete=\"off\" aria-invalid=\"false\" \/><\/span><\/label><\/p>\n<p><input type=\"submit\" value=\"Envoyer\" class=\"wpcf7-form-control wpcf7-submit\" \/><\/p>\n<div class=\"wpcf7-response-output\" aria-hidden=\"true\"><\/div><\/form><\/div><\/td>\n<\/tr>\n<\/tbody>\n<\/table>\n","protected":false},"excerpt":{"rendered":"<p>Vous avez des comp\u00e9tences dans un domaine li\u00e9 \u00e0 nos activit\u00e9s, ou en tant qu&rsquo;association\/collectif, organisateur, artiste, lieu de diffusion, collectivit\u00e9, un projet \u00e0 nous soumettre, nous vous invitons \u00e0 nous faire part de votre requ\u00eate via le formulaire ci-contre.<\/p>\n","protected":false},"author":1,"featured_media":0,"parent":0,"menu_order":5,"comment_status":"closed","ping_status":"closed","template":"","meta":[],"_links":{"self":[{"href":"http:\/\/www.straight-disorder.net\/index.php?rest_route=\/wp\/v2\/pages\/72"}],"collection":[{"href":"http:\/\/www.straight-disorder.net\/index.php?rest_route=\/wp\/v2\/pages"}],"about":[{"href":"http:\/\/www.straight-disorder.net\/index.php?rest_route=\/wp\/v2\/types\/page"}],"author":[{"embeddable":true,"href":"http:\/\/www.straight-disorder.net\/index.php?rest_route=\/wp\/v2\/users\/1"}],"replies":[{"embeddable":true,"href":"http:\/\/www.straight-disorder.net\/index.php?rest_route=%2Fwp%2Fv2%2Fcomments&post=72"}],"version-history":[{"count":28,"href":"http:\/\/www.straight-disorder.net\/index.php?rest_route=\/wp\/v2\/pages\/72\/revisions"}],"predecessor-version":[{"id":1145,"href":"http:\/\/www.straight-disorder.net\/index.php?rest_route=\/wp\/v2\/pages\/72\/revisions\/1145"}],"wp:attachment":[{"href":"http:\/\/www.straight-disorder.net\/index.php?rest_route=%2Fwp%2Fv2%2Fmedia&parent=72"}],"curies":[{"name":"wp","href":"https:\/\/api.w.org\/{rel}","templated":true}]}}